{"id":15,"date":"2025-08-28T15:10:09","date_gmt":"2025-08-28T13:10:09","guid":{"rendered":"https:\/\/biurorachunkowe.dfirma.pl\/?page_id=15"},"modified":"2025-08-28T18:29:23","modified_gmt":"2025-08-28T16:29:23","slug":"strona-domowa","status":"publish","type":"page","link":"https:\/\/biurorachunkowe.dfirma.pl\/","title":{"rendered":"Strona domowa"},"content":{"rendered":"\n<figure class=\"wp-block-image alignfull wp-duotone-unset-1\"><img loading=\"lazy\" decoding=\"async\" width=\"947\" height=\"678\" src=\"http:\/\/biurorachunkowe.dfirma.pl\/wp-content\/uploads\/2025\/08\/biuro-glowny.png\" alt=\"\" class=\"wp-image-35\" srcset=\"https:\/\/biurorachunkowe.dfirma.pl\/wp-content\/uploads\/2025\/08\/biuro-glowny.png 947w, https:\/\/biurorachunkowe.dfirma.pl\/wp-content\/uploads\/2025\/08\/biuro-glowny-300x215.png 300w, https:\/\/biurorachunkowe.dfirma.pl\/wp-content\/uploads\/2025\/08\/biuro-glowny-768x550.png 768w\" sizes=\"auto, (max-width: 947px) 100vw, 947px\" \/><\/figure>\n\n\n\n<div class=\"wp-block-group alignfull has-ast-global-color-5-background-color has-background\" style=\"padding-bottom:0px\"><div class=\"wp-block-group__inner-container is-layout-constrained wp-container-core-group-is-layout-9ff7351d wp-block-group-is-layout-constrained\">\n<div class=\"wp-block-columns are-vertically-aligned-top is-layout-flex wp-container-core-columns-is-layout-88c107d0 wp-block-columns-is-layout-flex\">\n<div class=\"wp-block-column is-vertically-aligned-top is-layout-flow wp-block-column-is-layout-flow\">\n<figure class=\"wp-block-image size-large\"><img decoding=\"async\" src=\"https:\/\/biurorachunkowe.dfirma.pl\/wp-content\/themes\/astra\/inc\/assets\/images\/starter-content\/building.svg\" alt=\"\" class=\"wp-image-134\"\/><\/figure>\n\n\n\n<h3 class=\"wp-block-heading has-text-align-left\" style=\"margin-top:16px\">Spok\u00f3j w finansach \u2013 z nami to mo\u017cliwe<\/h3>\n\n\n\n<p class=\"has-text-align-left\"><\/p>\n<\/div>\n\n\n\n<div class=\"wp-block-column is-vertically-aligned-top is-layout-flow wp-block-column-is-layout-flow\">\n<figure class=\"wp-block-image size-large\"><img decoding=\"async\" src=\"https:\/\/biurorachunkowe.dfirma.pl\/wp-content\/themes\/astra\/inc\/assets\/images\/starter-content\/shopping-bag.svg\" alt=\"\" class=\"wp-image-135\"\/><\/figure>\n\n\n\n<h3 class=\"wp-block-heading has-text-align-left\" style=\"margin-top:16px\">Profesjonalna ksi\u0119gowo\u015b\u0107 dla firm i os\u00f3b prywatnych<\/h3>\n\n\n\n<p class=\"has-text-align-left\"><\/p>\n<\/div>\n\n\n\n<div class=\"wp-block-column is-vertically-aligned-top is-layout-flow wp-block-column-is-layout-flow\">\n<figure class=\"wp-block-image size-large\"><img decoding=\"async\" src=\"https:\/\/biurorachunkowe.dfirma.pl\/wp-content\/themes\/astra\/inc\/assets\/images\/starter-content\/blog.svg\" alt=\"\" class=\"wp-image-136\"\/><\/figure>\n\n\n\n<h3 class=\"wp-block-heading has-text-align-left\" style=\"margin-top:16px\">Rzetelnie, terminowo, bezpiecznie<\/h3>\n\n\n\n<p class=\"has-text-align-left\"><\/p>\n<\/div>\n\n\n\n<div class=\"wp-block-column is-vertically-aligned-top is-layout-flow wp-block-column-is-layout-flow\">\n<figure class=\"wp-block-image size-large\"><img decoding=\"async\" src=\"https:\/\/biurorachunkowe.dfirma.pl\/wp-content\/themes\/astra\/inc\/assets\/images\/starter-content\/portfolio.svg\" alt=\"\" class=\"wp-image-137\"\/><\/figure>\n\n\n\n<h3 class=\"wp-block-heading has-text-align-left\" style=\"margin-top:16px\">Twoje podatki w dobrych r\u0119kach<\/h3>\n\n\n\n<p class=\"has-text-align-left\"><\/p>\n<\/div>\n<\/div>\n<\/div><\/div>\n\n\n\n<div class=\"wp-block-group alignfull\" id=\"services\" style=\"padding-top:144px;padding-bottom:0px\"><div class=\"wp-block-group__inner-container is-layout-constrained wp-container-core-group-is-layout-87b4ec50 wp-block-group-is-layout-constrained\">\n<h2 class=\"wp-block-heading\">Us\u0142ugi<\/h2>\n\n\n\n<div class=\"wp-block-columns is-layout-flex wp-container-core-columns-is-layout-f2dca054 wp-block-columns-is-layout-flex\" style=\"margin-top:50px\">\n<div class=\"wp-block-column is-layout-flow wp-block-column-is-layout-flow\">\n<figure class=\"wp-block-image size-full\"><img loading=\"lazy\" decoding=\"async\" width=\"1024\" height=\"1024\" src=\"https:\/\/biurorachunkowe.dfirma.pl\/wp-content\/uploads\/2025\/08\/image-4.jpg\" alt=\"\" class=\"wp-image-75\" srcset=\"https:\/\/biurorachunkowe.dfirma.pl\/wp-content\/uploads\/2025\/08\/image-4.jpg 1024w, https:\/\/biurorachunkowe.dfirma.pl\/wp-content\/uploads\/2025\/08\/image-4-300x300.jpg 300w, https:\/\/biurorachunkowe.dfirma.pl\/wp-content\/uploads\/2025\/08\/image-4-150x150.jpg 150w, https:\/\/biurorachunkowe.dfirma.pl\/wp-content\/uploads\/2025\/08\/image-4-768x768.jpg 768w\" sizes=\"auto, (max-width: 1024px) 100vw, 1024px\" \/><\/figure>\n\n\n\n<p><\/p>\n\n\n\n<h3 class=\"wp-block-heading\" style=\"margin-top:16px\">Ksi\u0119gowo\u015b\u0107 dla firm<\/h3>\n\n\n\n<p>Sem quis erat nibh id neque tincidunt molestie convallis ut nibh vel, lorem consequat ullamcorper.<\/p>\n<\/div>\n\n\n\n<div class=\"wp-block-column is-layout-flow wp-block-column-is-layout-flow\">\n<figure class=\"wp-block-image size-full\"><img loading=\"lazy\" decoding=\"async\" width=\"1024\" height=\"1024\" src=\"https:\/\/biurorachunkowe.dfirma.pl\/wp-content\/uploads\/2025\/08\/image-2.jpg\" alt=\"\" class=\"wp-image-72\" srcset=\"https:\/\/biurorachunkowe.dfirma.pl\/wp-content\/uploads\/2025\/08\/image-2.jpg 1024w, https:\/\/biurorachunkowe.dfirma.pl\/wp-content\/uploads\/2025\/08\/image-2-300x300.jpg 300w, https:\/\/biurorachunkowe.dfirma.pl\/wp-content\/uploads\/2025\/08\/image-2-150x150.jpg 150w, https:\/\/biurorachunkowe.dfirma.pl\/wp-content\/uploads\/2025\/08\/image-2-768x768.jpg 768w\" sizes=\"auto, (max-width: 1024px) 100vw, 1024px\" \/><\/figure>\n\n\n\n<p><\/p>\n\n\n\n<h3 class=\"wp-block-heading\" style=\"margin-top:16px\">Kadry i p\u0142ace<\/h3>\n\n\n\n<p>Sem quis erat nibh id neque tincidunt molestie convallis ut nibh vel, lorem consequat ullamcorper.<\/p>\n<\/div>\n\n\n\n<div class=\"wp-block-column is-layout-flow wp-block-column-is-layout-flow\">\n<figure class=\"wp-block-image size-full\"><img loading=\"lazy\" decoding=\"async\" width=\"1024\" height=\"1024\" src=\"https:\/\/biurorachunkowe.dfirma.pl\/wp-content\/uploads\/2025\/08\/image-3.jpg\" alt=\"\" class=\"wp-image-74\" srcset=\"https:\/\/biurorachunkowe.dfirma.pl\/wp-content\/uploads\/2025\/08\/image-3.jpg 1024w, https:\/\/biurorachunkowe.dfirma.pl\/wp-content\/uploads\/2025\/08\/image-3-300x300.jpg 300w, https:\/\/biurorachunkowe.dfirma.pl\/wp-content\/uploads\/2025\/08\/image-3-150x150.jpg 150w, https:\/\/biurorachunkowe.dfirma.pl\/wp-content\/uploads\/2025\/08\/image-3-768x768.jpg 768w\" sizes=\"auto, (max-width: 1024px) 100vw, 1024px\" \/><\/figure>\n\n\n\n<p><\/p>\n\n\n\n<h3 class=\"wp-block-heading\" style=\"margin-top:16px\">Doradztwo<\/h3>\n\n\n\n<p>Sem quis erat nibh id neque tincidunt molestie convallis ut nibh vel, lorem consequat ullamcorper.<\/p>\n<\/div>\n<\/div>\n<\/div><\/div>\n\n\n\n<div class=\"wp-block-group alignfull has-ast-global-color-5-background-color has-background\" id=\"about\" style=\"padding-top:143px;padding-bottom:144px\"><div class=\"wp-block-group__inner-container is-layout-constrained wp-container-core-group-is-layout-fe2c33bb wp-block-group-is-layout-constrained\">\n<div class=\"wp-block-media-text has-media-on-the-right is-stacked-on-mobile is-vertically-aligned-center\"><div class=\"wp-block-media-text__content\">\n<div class=\"wp-block-group\" style=\"padding-right:80px\"><div class=\"wp-block-group__inner-container is-layout-constrained wp-container-core-group-is-layout-4b302186 wp-block-group-is-layout-constrained\">\n<h2 class=\"wp-block-heading\" style=\"padding-right:40px\">Rzetelno\u015b\u0107, terminowo\u015b\u0107                    i bezpiecze\u0144stwo<\/h2>\n\n\n\n<p>Et in risus egestas nec vitae odio ac nibh vestibulum volutpat aliquet aenean erat lobortis non.<\/p>\n\n\n\n<p>Nibh egestas dictumst cursus est turpis quis tincidunt pulvinar maecenas eget massa vel, ante nam blandit egestas enim id quis sit maecenas id nunc tempus auctor orci, enim imperdiet proin nibh mattis.<\/p>\n<\/div><\/div>\n<\/div><figure class=\"wp-block-media-text__media\"><img decoding=\"async\" src=\"https:\/\/biurorachunkowe.dfirma.pl\/wp-content\/themes\/astra\/inc\/assets\/images\/starter-content\/about-us.jpg\" alt=\"\" class=\"wp-image-237 size-full\"\/><\/figure><\/div>\n<\/div><\/div>\n\n\n\n<div class=\"wp-block-group alignfull has-ast-global-color-4-background-color has-background\" id=\"reviews\"><div class=\"wp-block-group__inner-container is-layout-constrained wp-container-core-group-is-layout-be8a1dfc wp-block-group-is-layout-constrained\"><div class=\"wp-block-image\">\n<figure class=\"aligncenter size-full\"><img decoding=\"async\" src=\"https:\/\/biurorachunkowe.dfirma.pl\/wp-content\/themes\/astra\/inc\/assets\/images\/starter-content\/avatar.png\" alt=\"\" class=\"wp-image-235\"\/><\/figure>\n<\/div>\n\n\n<p class=\"has-text-align-center\" style=\"font-size:22px;line-height:1.6\">\u201cProfesjonalne i szybkie wsparcie w prowadzeniu ksi\u0119gowo\u015bci. Polecam!\u201d<\/p>\n\n\n\n<p class=\"has-text-align-center\"><strong>Jan Nowakowski<\/strong><\/p>\n<\/div><\/div>\n\n\n\n<div class=\"wp-block-group alignfull\" id=\"whyus\" style=\"padding-top:144px;padding-bottom:144px\"><div class=\"wp-block-group__inner-container is-layout-constrained wp-container-core-group-is-layout-360cd3be wp-block-group-is-layout-constrained\">\n<h2 class=\"wp-block-heading\">Dlaczego my?<\/h2>\n\n\n\n<div class=\"wp-block-columns is-layout-flex wp-container-core-columns-is-layout-327a385a wp-block-columns-is-layout-flex\" style=\"margin-top:60px\">\n<div class=\"wp-block-column is-layout-flow wp-block-column-is-layout-flow\">\n<figure class=\"wp-block-image size-large\"><img decoding=\"async\" src=\"https:\/\/biurorachunkowe.dfirma.pl\/wp-content\/themes\/astra\/inc\/assets\/images\/starter-content\/passionate.svg\" alt=\"\" class=\"wp-image-162\"\/><\/figure>\n\n\n\n<h3 class=\"wp-block-heading\" style=\"margin-top:16px\">Do\u015bwiadczenie i wiedza<\/h3>\n\n\n\n<p>Tempor ullamcorper urna, est, lectus amet sit tempor pretium mi sed morbi cras posuere sit ultrices bibendum augue sit ornare.<\/p>\n<\/div>\n\n\n\n<div class=\"wp-block-column is-layout-flow wp-block-column-is-layout-flow\">\n<figure class=\"wp-block-image size-large\"><img decoding=\"async\" src=\"https:\/\/biurorachunkowe.dfirma.pl\/wp-content\/themes\/astra\/inc\/assets\/images\/starter-content\/professional.svg\" alt=\"\" class=\"wp-image-163\"\/><\/figure>\n\n\n\n<h3 class=\"wp-block-heading\" style=\"margin-top:16px\">Indywidualne podej\u015bcie<\/h3>\n\n\n\n<p>Tempor ullamcorper urna, est, lectus amet sit tempor pretium mi sed morbi cras posuere sit ultrices bibendum augue sit ornare.<\/p>\n<\/div>\n\n\n\n<div class=\"wp-block-column is-layout-flow wp-block-column-is-layout-flow\">\n<figure class=\"wp-block-image size-large\"><img decoding=\"async\" src=\"https:\/\/biurorachunkowe.dfirma.pl\/wp-content\/themes\/astra\/inc\/assets\/images\/starter-content\/support.svg\" alt=\"\" class=\"wp-image-164\"\/><\/figure>\n\n\n\n<h3 class=\"wp-block-heading\" style=\"margin-top:16px\">Certyfikaty i licencje<\/h3>\n\n\n\n<p>Tempor ullamcorper urna, est, lectus amet sit tempor pretium mi sed morbi cras posuere sit ultrices bibendum augue sit ornare.<\/p>\n<\/div>\n<\/div>\n<\/div><\/div>\n\n\n\n<h2 class=\"wp-block-heading has-text-align-center\">Skontaktuj si\u0119 z nami ju\u017c teraz!<\/h2>\n\n\n\n<h2 class=\"wp-block-heading has-text-align-center\">telefon 500 000 000<\/h2>\n\n\n\n<p><\/p>\n","protected":false},"excerpt":{"rendered":"<p>Spok\u00f3j w finansach \u2013 z nami to mo\u017cliwe Profesjonalna ksi\u0119gowo\u015b\u0107 dla firm i os\u00f3b prywatnych Rzetelnie, terminowo, bezpiecznie Twoje podatki w dobrych r\u0119kach Us\u0142ugi Ksi\u0119gowo\u015b\u0107 dla firm Sem quis erat &hellip; <a href=\"https:\/\/biurorachunkowe.dfirma.pl\/\" class=\"more-link\"><span>Continue reading<span class=\"screen-reader-text\">Strona domowa<\/span><\/span><\/a><\/p>\n","protected":false},"author":1,"featured_media":0,"parent":0,"menu_order":0,"comment_status":"closed","ping_status":"closed","template":"","meta":{"footnotes":""},"class_list":["post-15","page","type-page","status-publish","hentry"],"_links":{"self":[{"href":"https:\/\/biurorachunkowe.dfirma.pl\/index.php\/wp-json\/wp\/v2\/pages\/15","targetHints":{"allow":["GET"]}}],"collection":[{"href":"https:\/\/biurorachunkowe.dfirma.pl\/index.php\/wp-json\/wp\/v2\/pages"}],"about":[{"href":"https:\/\/biurorachunkowe.dfirma.pl\/index.php\/wp-json\/wp\/v2\/types\/page"}],"author":[{"embeddable":true,"href":"https:\/\/biurorachunkowe.dfirma.pl\/index.php\/wp-json\/wp\/v2\/users\/1"}],"replies":[{"embeddable":true,"href":"https:\/\/biurorachunkowe.dfirma.pl\/index.php\/wp-json\/wp\/v2\/comments?post=15"}],"version-history":[{"count":31,"href":"https:\/\/biurorachunkowe.dfirma.pl\/index.php\/wp-json\/wp\/v2\/pages\/15\/revisions"}],"predecessor-version":[{"id":84,"href":"https:\/\/biurorachunkowe.dfirma.pl\/index.php\/wp-json\/wp\/v2\/pages\/15\/revisions\/84"}],"wp:attachment":[{"href":"https:\/\/biurorachunkowe.dfirma.pl\/index.php\/wp-json\/wp\/v2\/media?parent=15"}],"curies":[{"name":"wp","href":"https:\/\/api.w.org\/{rel}","templated":true}]}}